{"id":303,"date":"2025-01-27T04:57:45","date_gmt":"2025-01-27T07:57:45","guid":{"rendered":"https:\/\/naviosargentina.impulsosdigitales.com.py\/terminos-y-condiciones\/"},"modified":"2025-01-27T10:42:04","modified_gmt":"2025-01-27T13:42:04","slug":"terminos-y-condiciones","status":"publish","type":"page","link":"https:\/\/naviosargentina.com\/en\/terminos-y-condiciones\/","title":{"rendered":"CONDICIONES GENERALES SOBRE EL USO DEL SITIO WEB"},"content":{"rendered":"<p>Usted est\u00e1 navegando a trav\u00e9s de un Sitio web propiedad de <strong>Compa\u00f1\u00eda Navios Argentina<\/strong>, miembro del Holding de Empresas que componen Navios South American Logistics Inc. En el mismo, encontrar\u00e1 informaci\u00f3n general de nuestras unidades, productos y servicios, no siendo esto limitante a otras unidades operativas o de negocios que, a futuro, pudiera incorporar la Compa\u00f1\u00eda y para la cual se encuentre debidamente habilitada.<\/p>\n<p><strong>Compa\u00f1\u00eda Navios Argentina<\/strong> se compromete a no divulgar informaci\u00f3n personal o comercial, por fuera de su propia organizaci\u00f3n, que pudiera surgir del uso e interacci\u00f3n con la Web.<\/p>\n<p>Ning\u00fan empleado de <strong>Compa\u00f1\u00eda Navios Argentina<\/strong>, bajo ninguna circunstancia, solicitar\u00e1 al usuario informaci\u00f3n personal o financiera, por fuera de los canales de contacto oficiales y ante motivo fundado que acredite proporcionar la misma.<\/p>\n<p>El Usuario se compromete a usar el Sitio web y toda la informaci\u00f3n contenida en el mismo de buena fe y considerando siempre la legislaci\u00f3n Argentina que pudiera ser aplicable en relaci\u00f3n al uso, conservaci\u00f3n y distribuci\u00f3n de la informaci\u00f3n publicada.<\/p>\n<p>La informaci\u00f3n personal, laboral o comercial que proporcione el usuario en la Web, ser\u00e1 de su exclusiva responsabilidad, autorizando a <strong>Compa\u00f1\u00eda Navios Argentina<\/strong> a utilizarla, reproducirla y transmitirla a terceros a los fines exclusivos para los cuales fue brindada y eximiendo a la empresa de cualquier responsabilidad vinculada a la veracidad o exactitud de tal informaci\u00f3n. Asimismo, el env\u00edo de dicha informaci\u00f3n por cualquier canal autorizado por <strong>Compa\u00f1\u00eda Navios Argentina<\/strong> no implicar\u00e1 aceptaci\u00f3n ni siquiera t\u00e1cita de contrataci\u00f3n de personas, productos o servicios.<\/p>\n<p>Queda terminantemente prohibida la utilizaci\u00f3n del sitio y toda la informaci\u00f3n contenida en el mismo con fines il\u00edcitos o que puedan contradecir o atentar contra la moral y buen nombre de <strong>Compa\u00f1\u00eda Navios Argentina<\/strong>, sus empleados y terceros. No obstante, est\u00e1 permitido el uso de la Web exclusivamente para uso personal y sin intenciones comerciales. Asimismo, se proh\u00edbe la copia o reproducci\u00f3n total o parcial del Sitio Web, siendo la informaci\u00f3n y dise\u00f1o propiedad exclusiva de <strong>Compa\u00f1\u00eda Navios Argentina<\/strong>.<\/p>\n<p>Ning\u00fan Usuario podr\u00e1 demandar o ejercer alguna acci\u00f3n legal sobre <strong>Compa\u00f1\u00eda Navios Argentina<\/strong>, su grupo accionario, directivos, empleados o terceros por la informaci\u00f3n contenida en la Web, as\u00ed como tampoco por ninguna omisi\u00f3n u error en la informaci\u00f3n contenida en la misma.<\/p>\n<p><strong>Compa\u00f1\u00eda Navios Argentina<\/strong> podr\u00e1 enmendar, ampliar o eliminar cualquier punto de la presente declaraci\u00f3n, sin necesidad de ser informado a los usuarios, siendo responsabilidad de estos tomar conocimiento de las condiciones legales a las cuales se encuentra sujeta la Web al momento de ingresar a la misma.<\/p>","protected":false},"excerpt":{"rendered":"<p>Usted est\u00e1 navegando a trav\u00e9s de un Sitio web propiedad de Compa\u00f1\u00eda Navios Argentina, miembro del Holding de Empresas que componen Navios South American Logistics Inc.<span class=\"excerpt-hellip\"> [\u2026]<\/span><\/p>\n","protected":false},"author":1,"featured_media":0,"parent":0,"menu_order":0,"comment_status":"closed","ping_status":"closed","template":"","meta":{"footnotes":""},"class_list":["post-303","page","type-page","status-publish","hentry"],"yoast_head":"<!-- This site is optimized with the Yoast SEO plugin v27.4 - https:\/\/yoast.com\/product\/yoast-seo-wordpress\/ -->\n<title>CONDICIONES GENERALES SOBRE EL USO DEL SITIO WEB - Navios Argentina | Soluciones Log&iacute;sticas Mar&iacute;timas y Fluviales<\/title>\n<meta name=\"robots\" content=\"index, follow, max-snippet:-1, max-image-preview:large, max-video-preview:-1\" \/>\n<link rel=\"canonical\" href=\"https:\/\/naviosargentina.com\/en\/terminos-y-condiciones\/\" \/>\n<meta property=\"og:locale\" content=\"en_US\" \/>\n<meta property=\"og:type\" content=\"article\" \/>\n<meta property=\"og:title\" content=\"CONDICIONES GENERALES SOBRE EL USO DEL SITIO WEB - Navios Argentina | Soluciones Log&iacute;sticas Mar&iacute;timas y Fluviales\" \/>\n<meta property=\"og:description\" content=\"Usted est\u00e1 navegando a trav\u00e9s de un Sitio web propiedad de Compa\u00f1\u00eda Navios Argentina, miembro del Holding de Empresas que componen Navios South American Logistics Inc. [\u2026]\" \/>\n<meta property=\"og:url\" content=\"https:\/\/naviosargentina.com\/en\/terminos-y-condiciones\/\" \/>\n<meta property=\"og:site_name\" content=\"Navios Argentina | Soluciones Log&iacute;sticas Mar&iacute;timas y Fluviales\" \/>\n<meta property=\"article:publisher\" content=\"https:\/\/www.facebook.com\/share\/19jPpuXzZZ\/\" \/>\n<meta property=\"article:modified_time\" content=\"2025-01-27T13:42:04+00:00\" \/>\n<meta name=\"twitter:card\" content=\"summary_large_image\" \/>\n<meta name=\"twitter:label1\" content=\"Est. reading time\" \/>\n\t<meta name=\"twitter:data1\" content=\"2 minutes\" \/>\n<script type=\"application\/ld+json\" class=\"yoast-schema-graph\">{\"@context\":\"https:\\\/\\\/schema.org\",\"@graph\":[{\"@type\":\"WebPage\",\"@id\":\"https:\\\/\\\/naviosargentina.com\\\/terminos-y-condiciones\\\/\",\"url\":\"https:\\\/\\\/naviosargentina.com\\\/terminos-y-condiciones\\\/\",\"name\":\"CONDICIONES GENERALES SOBRE EL USO DEL SITIO WEB - Navios Argentina | Soluciones Log&iacute;sticas Mar&iacute;timas y Fluviales\",\"isPartOf\":{\"@id\":\"https:\\\/\\\/naviosargentina.com\\\/#website\"},\"datePublished\":\"2025-01-27T07:57:45+00:00\",\"dateModified\":\"2025-01-27T13:42:04+00:00\",\"breadcrumb\":{\"@id\":\"https:\\\/\\\/naviosargentina.com\\\/terminos-y-condiciones\\\/#breadcrumb\"},\"inLanguage\":\"en-US\",\"potentialAction\":[{\"@type\":\"ReadAction\",\"target\":[\"https:\\\/\\\/naviosargentina.com\\\/terminos-y-condiciones\\\/\"]}]},{\"@type\":\"BreadcrumbList\",\"@id\":\"https:\\\/\\\/naviosargentina.com\\\/terminos-y-condiciones\\\/#breadcrumb\",\"itemListElement\":[{\"@type\":\"ListItem\",\"position\":1,\"name\":\"Portada\",\"item\":\"https:\\\/\\\/naviosargentina.com\\\/\"},{\"@type\":\"ListItem\",\"position\":2,\"name\":\"CONDICIONES GENERALES SOBRE EL USO DEL SITIO WEB\"}]},{\"@type\":\"WebSite\",\"@id\":\"https:\\\/\\\/naviosargentina.com\\\/#website\",\"url\":\"https:\\\/\\\/naviosargentina.com\\\/\",\"name\":\"Navios Argentina | Soluciones Log\u00edsticas Mar\u00edtimas y Fluviales\",\"description\":\"Conectando industrias a trav&eacute;s de rutas mar&iacute;timas y fluviales\",\"publisher\":{\"@id\":\"https:\\\/\\\/naviosargentina.com\\\/#organization\"},\"potentialAction\":[{\"@type\":\"SearchAction\",\"target\":{\"@type\":\"EntryPoint\",\"urlTemplate\":\"https:\\\/\\\/naviosargentina.com\\\/?s={search_term_string}\"},\"query-input\":{\"@type\":\"PropertyValueSpecification\",\"valueRequired\":true,\"valueName\":\"search_term_string\"}}],\"inLanguage\":\"en-US\"},{\"@type\":\"Organization\",\"@id\":\"https:\\\/\\\/naviosargentina.com\\\/#organization\",\"name\":\"Navios Argentina | Soluciones Log\u00edsticas Mar\u00edtimas y Fluviales\",\"url\":\"https:\\\/\\\/naviosargentina.com\\\/\",\"logo\":{\"@type\":\"ImageObject\",\"inLanguage\":\"en-US\",\"@id\":\"https:\\\/\\\/naviosargentina.com\\\/#\\\/schema\\\/logo\\\/image\\\/\",\"url\":\"https:\\\/\\\/naviosargentina.com\\\/wp-content\\\/uploads\\\/2025\\\/01\\\/LogoCompaniaNavieraArgentinaHorizontal.webp\",\"contentUrl\":\"https:\\\/\\\/naviosargentina.com\\\/wp-content\\\/uploads\\\/2025\\\/01\\\/LogoCompaniaNavieraArgentinaHorizontal.webp\",\"width\":566,\"height\":128,\"caption\":\"Navios Argentina | Soluciones Log\u00edsticas Mar\u00edtimas y Fluviales\"},\"image\":{\"@id\":\"https:\\\/\\\/naviosargentina.com\\\/#\\\/schema\\\/logo\\\/image\\\/\"},\"sameAs\":[\"https:\\\/\\\/www.facebook.com\\\/share\\\/19jPpuXzZZ\\\/\",\"https:\\\/\\\/www.instagram.com\\\/naviosargentina\\\/\",\"https:\\\/\\\/www.linkedin.com\\\/company\\\/7226316\"]}]}<\/script>\n<!-- \/ Yoast SEO plugin. -->","yoast_head_json":{"title":"CONDICIONES GENERALES SOBRE EL USO DEL SITIO WEB - Navios Argentina | Soluciones Log&iacute;sticas Mar&iacute;timas y Fluviales","robots":{"index":"index","follow":"follow","max-snippet":"max-snippet:-1","max-image-preview":"max-image-preview:large","max-video-preview":"max-video-preview:-1"},"canonical":"https:\/\/naviosargentina.com\/en\/terminos-y-condiciones\/","og_locale":"en_US","og_type":"article","og_title":"CONDICIONES GENERALES SOBRE EL USO DEL SITIO WEB - Navios Argentina | Soluciones Log&iacute;sticas Mar&iacute;timas y Fluviales","og_description":"Usted est\u00e1 navegando a trav\u00e9s de un Sitio web propiedad de Compa\u00f1\u00eda Navios Argentina, miembro del Holding de Empresas que componen Navios South American Logistics Inc. [\u2026]","og_url":"https:\/\/naviosargentina.com\/en\/terminos-y-condiciones\/","og_site_name":"Navios Argentina | Soluciones Log&iacute;sticas Mar&iacute;timas y Fluviales","article_publisher":"https:\/\/www.facebook.com\/share\/19jPpuXzZZ\/","article_modified_time":"2025-01-27T13:42:04+00:00","twitter_card":"summary_large_image","twitter_misc":{"Est. reading time":"2 minutes"},"schema":{"@context":"https:\/\/schema.org","@graph":[{"@type":"WebPage","@id":"https:\/\/naviosargentina.com\/terminos-y-condiciones\/","url":"https:\/\/naviosargentina.com\/terminos-y-condiciones\/","name":"CONDICIONES GENERALES SOBRE EL USO DEL SITIO WEB - Navios Argentina | Soluciones Log&iacute;sticas Mar&iacute;timas y Fluviales","isPartOf":{"@id":"https:\/\/naviosargentina.com\/#website"},"datePublished":"2025-01-27T07:57:45+00:00","dateModified":"2025-01-27T13:42:04+00:00","breadcrumb":{"@id":"https:\/\/naviosargentina.com\/terminos-y-condiciones\/#breadcrumb"},"inLanguage":"en-US","potentialAction":[{"@type":"ReadAction","target":["https:\/\/naviosargentina.com\/terminos-y-condiciones\/"]}]},{"@type":"BreadcrumbList","@id":"https:\/\/naviosargentina.com\/terminos-y-condiciones\/#breadcrumb","itemListElement":[{"@type":"ListItem","position":1,"name":"Portada","item":"https:\/\/naviosargentina.com\/"},{"@type":"ListItem","position":2,"name":"CONDICIONES GENERALES SOBRE EL USO DEL SITIO WEB"}]},{"@type":"WebSite","@id":"https:\/\/naviosargentina.com\/#website","url":"https:\/\/naviosargentina.com\/","name":"Navios Argentina | Soluciones Log\u00edsticas Mar\u00edtimas y Fluviales","description":"Conectando industrias a trav&eacute;s de rutas mar&iacute;timas y fluviales","publisher":{"@id":"https:\/\/naviosargentina.com\/#organization"},"potentialAction":[{"@type":"SearchAction","target":{"@type":"EntryPoint","urlTemplate":"https:\/\/naviosargentina.com\/?s={search_term_string}"},"query-input":{"@type":"PropertyValueSpecification","valueRequired":true,"valueName":"search_term_string"}}],"inLanguage":"en-US"},{"@type":"Organization","@id":"https:\/\/naviosargentina.com\/#organization","name":"Navios Argentina | Soluciones Log\u00edsticas Mar\u00edtimas y Fluviales","url":"https:\/\/naviosargentina.com\/","logo":{"@type":"ImageObject","inLanguage":"en-US","@id":"https:\/\/naviosargentina.com\/#\/schema\/logo\/image\/","url":"https:\/\/naviosargentina.com\/wp-content\/uploads\/2025\/01\/LogoCompaniaNavieraArgentinaHorizontal.webp","contentUrl":"https:\/\/naviosargentina.com\/wp-content\/uploads\/2025\/01\/LogoCompaniaNavieraArgentinaHorizontal.webp","width":566,"height":128,"caption":"Navios Argentina | Soluciones Log\u00edsticas Mar\u00edtimas y Fluviales"},"image":{"@id":"https:\/\/naviosargentina.com\/#\/schema\/logo\/image\/"},"sameAs":["https:\/\/www.facebook.com\/share\/19jPpuXzZZ\/","https:\/\/www.instagram.com\/naviosargentina\/","https:\/\/www.linkedin.com\/company\/7226316"]}]}},"_links":{"self":[{"href":"https:\/\/naviosargentina.com\/en\/wp-json\/wp\/v2\/pages\/303","targetHints":{"allow":["GET"]}}],"collection":[{"href":"https:\/\/naviosargentina.com\/en\/wp-json\/wp\/v2\/pages"}],"about":[{"href":"https:\/\/naviosargentina.com\/en\/wp-json\/wp\/v2\/types\/page"}],"author":[{"embeddable":true,"href":"https:\/\/naviosargentina.com\/en\/wp-json\/wp\/v2\/users\/1"}],"replies":[{"embeddable":true,"href":"https:\/\/naviosargentina.com\/en\/wp-json\/wp\/v2\/comments?post=303"}],"version-history":[{"count":3,"href":"https:\/\/naviosargentina.com\/en\/wp-json\/wp\/v2\/pages\/303\/revisions"}],"predecessor-version":[{"id":309,"href":"https:\/\/naviosargentina.com\/en\/wp-json\/wp\/v2\/pages\/303\/revisions\/309"}],"wp:attachment":[{"href":"https:\/\/naviosargentina.com\/en\/wp-json\/wp\/v2\/media?parent=303"}],"curies":[{"name":"wp","href":"https:\/\/api.w.org\/{rel}","templated":true}]}}